{"id":86,"date":"2020-10-14T11:11:02","date_gmt":"2020-10-14T11:11:02","guid":{"rendered":"http:\/\/xn--vietnam-nderungsschneiderei-ikc.de\/?page_id=86"},"modified":"2021-06-11T11:06:38","modified_gmt":"2021-06-11T11:06:38","slug":"impressum","status":"publish","type":"page","link":"https:\/\/xn--vietnam-nderungsschneiderei-ikc.de\/en\/impressum\/","title":{"rendered":"Imprint"},"content":{"rendered":"<p>Vietnam \u00c4nderungsschneiderei <\/p>\n\n\n\n<p>Inhaberin: Dang Huong<\/p>\n\n\n\n<p>Karl Marx Stra\u00dfe 231, 12055 Berlin  <\/p>\n\n\n\n<p>Steuernummer: 1625\/6031\/58<\/p>\n\n\n\n<p><strong>Kontakt<\/strong>: service@vietnam-\u00e4nderungsschneiderei.de<\/p>\n\n\n\n<p><strong>Haftung f\u00fcr Inhalte<\/strong><\/p>\n\n\n\n<p>Die Inhalte dieser Website wurden mit gr\u00f6\u00dfter Sorgfalt erstellt, trotzdem k\u00f6nnen wir f\u00fcr die Richtigkeit, Vollst\u00e4ndigkeit und Aktualit\u00e4t keine Gew\u00e4hr \u00fcbernehmen. Wir sind gem\u00e4\u00df \u00a7 7 Abs.1 TMG f\u00fcr eigene Inhalte auf dieser Website verantwortlich, nach \u00a7\u00a7 8 bis 10 TMG jedoch nicht dazu verpflichtet, \u00fcbermittelte oder gespeicherte fremde Informationen zu \u00fcberwachen oder nach Umst\u00e4nden zu forschen, die auf eine rechtswidrige T\u00e4tigkeit hinweisen. Sollten Rechtsverletzungen bekannt werden, werden wir die entsprechenden Inhalte umgehend entfernen.<\/p>\n\n\n\n<p><strong>Haftung f\u00fcr externe Links<\/strong><\/p>\n\n\n\n<p>Diese Website enth\u00e4lt Links zu externen Homepages Dritter, auf deren Inhalte wir keinen Einfluss haben, weshalb wir f\u00fcr diese fremden Inhalte auch keine Gew\u00e4hr \u00fcbernehmen k\u00f6nnen. Der jeweilige Betreiber der externen Websites ist f\u00fcr diese Inhalte verantwortlich. Die verlinkten Seiten wurden zum Zeitpunkt der Verlinkung auf m\u00f6gliche Rechtsverst\u00f6\u00dfe \u00fcberpr\u00fcft, allerdings k\u00f6nnen wir keine permanente inhaltliche Kontrolle der verlinkten Seiten betreiben. Sollten Rechtsverletzungen bekannt werden, werden wir derartige Links entfernen.<\/p>\n\n\n\n<p><strong>Urheberrecht<\/strong><\/p>\n\n\n\n<p>Unsere Website und alle Inhalte darin sind durch das deutsche Urheberrecht gesch\u00fctzt. F\u00fcr die Vervielf\u00e4ltigung, Bearbeitung, Verbreitung und jede Art der Verwertung ist eine schriftliche Zustimmung unsererseits notwendig.<\/p>\n\n\n\n<p>Bildnachweise<\/p>\n\n\n\n<p><a href=\"https:\/\/images.pexels.com\/photos\/1043902\/pexels-photo-1043902.jpeg?auto=compress&amp;cs=tinysrgb&amp;dpr=2&amp;w=500\">https:\/\/images.pexels.com\/photos\/1043902\/pexels-photo-1043902.jpeg?auto=compress&amp;cs=tinysrgb&amp;dpr=2&amp;w=500<\/a><\/p>\n\n\n\n<p><a href=\"https:\/\/images.pexels.com\/photos\/2973392\/pexels-photo-2973392.jpeg?auto=compress&amp;cs=tinysrgb&amp;dpr=2&amp;w=500\">https:\/\/images.pexels.com\/photos\/2973392\/pexels-photo-2973392.jpeg?auto=compress&amp;cs=tinysrgb&amp;dpr=2&amp;w=500<\/a><\/p>","protected":false},"excerpt":{"rendered":"<p>Vietnam \u00c4nderungsschneiderei Inhaberin: Dang Huong Karl Marx Stra\u00dfe 231, 12055 Berlin Steuernummer: 1625\/6031\/58 Kontakt: service@vietnam-\u00e4nderungsschneiderei.de Haftung f\u00fcr Inhalte Die Inhalte dieser Website wurden mit gr\u00f6\u00dfter Sorgfalt erstellt, trotzdem k\u00f6nnen wir f\u00fcr die Richtigkeit, Vollst\u00e4ndigkeit und Aktualit\u00e4t keine Gew\u00e4hr \u00fcbernehmen. Wir sind gem\u00e4\u00df \u00a7 7 Abs.1 TMG f\u00fcr eigene Inhalte auf dieser Website verantwortlich, nach \u00a7\u00a7 [&hellip;]<\/p>","protected":false},"author":1,"featured_media":0,"parent":0,"menu_order":0,"comment_status":"closed","ping_status":"closed","template":"","meta":[],"_links":{"self":[{"href":"https:\/\/xn--vietnam-nderungsschneiderei-ikc.de\/en\/wp-json\/wp\/v2\/pages\/86"}],"collection":[{"href":"https:\/\/xn--vietnam-nderungsschneiderei-ikc.de\/en\/wp-json\/wp\/v2\/pages"}],"about":[{"href":"https:\/\/xn--vietnam-nderungsschneiderei-ikc.de\/en\/wp-json\/wp\/v2\/types\/page"}],"author":[{"embeddable":true,"href":"https:\/\/xn--vietnam-nderungsschneiderei-ikc.de\/en\/wp-json\/wp\/v2\/users\/1"}],"replies":[{"embeddable":true,"href":"https:\/\/xn--vietnam-nderungsschneiderei-ikc.de\/en\/wp-json\/wp\/v2\/comments?post=86"}],"version-history":[{"count":10,"href":"https:\/\/xn--vietnam-nderungsschneiderei-ikc.de\/en\/wp-json\/wp\/v2\/pages\/86\/revisions"}],"predecessor-version":[{"id":362,"href":"https:\/\/xn--vietnam-nderungsschneiderei-ikc.de\/en\/wp-json\/wp\/v2\/pages\/86\/revisions\/362"}],"wp:attachment":[{"href":"https:\/\/xn--vietnam-nderungsschneiderei-ikc.de\/en\/wp-json\/wp\/v2\/media?parent=86"}],"curies":[{"name":"wp","href":"https:\/\/api.w.org\/{rel}","templated":true}]}}