{"id":97,"date":"2020-10-14T11:19:57","date_gmt":"2020-10-14T11:19:57","guid":{"rendered":"http:\/\/xn--vietnam-nderungsschneiderei-ikc.de\/?page_id=97"},"modified":"2022-01-14T13:57:57","modified_gmt":"2022-01-14T13:57:57","slug":"ueber-uns","status":"publish","type":"page","link":"https:\/\/xn--vietnam-nderungsschneiderei-ikc.de\/en\/ueber-uns\/","title":{"rendered":"About us"},"content":{"rendered":"<div data-elementor-type=\"wp-page\" data-elementor-id=\"97\" class=\"elementor elementor-97\">\n\t\t\t\t\t\t<div class=\"elementor-inner\">\n\t\t\t\t<div class=\"elementor-section-wrap\">\n\t\t\t\t\t\t\t\t\t<section class=\"elementor-section elementor-top-section elementor-element elementor-element-37d6b34c envato-kit-141-top-0 elementor-section-boxed elementor-section-height-default elementor-section-height-default\" data-id=\"37d6b34c\" data-element_type=\"section\" data-settings=\"{&quot;background_background&quot;:&quot;classic&quot;}\">\n\t\t\t\t\t\t\t<div class=\"elementor-background-overlay\"><\/div>\n\t\t\t\t\t\t\t<div class=\"elementor-container elementor-column-gap-wider\">\n\t\t\t\t\t\t\t<div class=\"elementor-row\">\n\t\t\t\t\t<div class=\"elementor-column elementor-col-50 elementor-top-column elementor-element elementor-element-1ed52212\" data-id=\"1ed52212\" data-element_type=\"column\">\n\t\t\t<div class=\"elementor-column-wrap elementor-element-populated\">\n\t\t\t\t\t\t\t<div class=\"elementor-widget-wrap\">\n\t\t\t\t\t\t<div class=\"elementor-element elementor-element-5792dee1 elementor-invisible elementor-widget elementor-widget-heading\" data-id=\"5792dee1\" data-element_type=\"widget\" data-settings=\"{&quot;_animation&quot;:&quot;fadeIn&quot;,&quot;_animation_delay&quot;:100}\" data-widget_type=\"heading.default\">\n\t\t\t\t<div class=\"elementor-widget-container\">\n\t\t\t<h2 class=\"elementor-heading-title elementor-size-default\">Vietnamese handicraft<\/h2>\t\t<\/div>\n\t\t\t\t<\/div>\n\t\t\t\t<div class=\"elementor-element elementor-element-5f43c0fd elementor-widget-divider--view-line elementor-invisible elementor-widget elementor-widget-divider\" data-id=\"5f43c0fd\" data-element_type=\"widget\" data-settings=\"{&quot;_animation&quot;:&quot;fadeIn&quot;,&quot;_animation_delay&quot;:150}\" data-widget_type=\"divider.default\">\n\t\t\t\t<div class=\"elementor-widget-container\">\n\t\t\t\t\t<div class=\"elementor-divider\">\n\t\t\t<span class=\"elementor-divider-separator\">\n\t\t\t\t\t\t<\/span>\n\t\t<\/div>\n\t\t\t\t<\/div>\n\t\t\t\t<\/div>\n\t\t\t\t<div class=\"elementor-element elementor-element-32b503f elementor-invisible elementor-widget elementor-widget-heading\" data-id=\"32b503f\" data-element_type=\"widget\" data-settings=\"{&quot;_animation&quot;:&quot;fadeIn&quot;,&quot;_animation_delay&quot;:200}\" data-widget_type=\"heading.default\">\n\t\t\t\t<div class=\"elementor-widget-container\">\n\t\t\t<h2 class=\"elementor-heading-title elementor-size-default\">We are a family business and have a total of over 50 years of experience in textile processing. \n \nOur customers should be in good hands with us and get the best service for the best price.\nThe customer and we contribute a small part to save our environment or resources.<\/h2>\t\t<\/div>\n\t\t\t\t<\/div>\n\t\t\t\t<section class=\"elementor-section elementor-inner-section elementor-element elementor-element-25538c55 elementor-section-boxed elementor-section-height-default elementor-section-height-default elementor-invisible\" data-id=\"25538c55\" data-element_type=\"section\" data-settings=\"{&quot;animation&quot;:&quot;fadeIn&quot;,&quot;animation_delay&quot;:300}\">\n\t\t\t\t\t\t<div class=\"elementor-container elementor-column-gap-no\">\n\t\t\t\t\t\t\t<div class=\"elementor-row\">\n\t\t\t\t\t<div class=\"elementor-column elementor-col-100 elementor-inner-column elementor-element elementor-element-829c4e6\" data-id=\"829c4e6\" data-element_type=\"column\">\n\t\t\t<div class=\"elementor-column-wrap elementor-element-populated\">\n\t\t\t\t\t\t\t<div class=\"elementor-widget-wrap\">\n\t\t\t\t\t\t<div class=\"elementor-element elementor-element-3cd92454 elementor-widget elementor-widget-text-editor\" data-id=\"3cd92454\" data-element_type=\"widget\" data-widget_type=\"text-editor.default\">\n\t\t\t\t<div class=\"elementor-widget-container\">\n\t\t\t\t\t\t\t\t<div class=\"elementor-text-editor elementor-clearfix\">\n\t\t\t\t\t\t\t\t\t<\/div>\n\t\t\t\t\t\t<\/div>\n\t\t\t\t<\/div>\n\t\t\t\t\t\t<\/div>\n\t\t\t\t\t<\/div>\n\t\t<\/div>\n\t\t\t\t\t\t\t\t<\/div>\n\t\t\t\t\t<\/div>\n\t\t<\/section>\n\t\t\t\t<section class=\"elementor-section elementor-inner-section elementor-element elementor-element-4cdd58b4 elementor-section-boxed elementor-section-height-default elementor-section-height-default elementor-invisible\" data-id=\"4cdd58b4\" data-element_type=\"section\" data-settings=\"{&quot;animation&quot;:&quot;fadeIn&quot;,&quot;animation_delay&quot;:300}\">\n\t\t\t\t\t\t<div class=\"elementor-container elementor-column-gap-no\">\n\t\t\t\t\t\t\t<div class=\"elementor-row\">\n\t\t\t\t\t<div class=\"elementor-column elementor-col-100 elementor-inner-column elementor-element elementor-element-15320821\" data-id=\"15320821\" data-element_type=\"column\">\n\t\t\t<div class=\"elementor-column-wrap elementor-element-populated\">\n\t\t\t\t\t\t\t<div class=\"elementor-widget-wrap\">\n\t\t\t\t\t\t<div class=\"elementor-element elementor-element-828150f elementor-widget elementor-widget-text-editor\" data-id=\"828150f\" data-element_type=\"widget\" data-widget_type=\"text-editor.default\">\n\t\t\t\t<div class=\"elementor-widget-container\">\n\t\t\t\t\t\t\t\t<div class=\"elementor-text-editor elementor-clearfix\">\n\t\t\t\t\t\t\t\t\t<\/div>\n\t\t\t\t\t\t<\/div>\n\t\t\t\t<\/div>\n\t\t\t\t<div class=\"elementor-element elementor-element-8b57e29 elementor-widget elementor-widget-google_maps\" data-id=\"8b57e29\" data-element_type=\"widget\" data-widget_type=\"google_maps.default\">\n\t\t\t\t<div class=\"elementor-widget-container\">\n\t\t\t\t\t<div class=\"elementor-custom-embed\">\n\t\t\t<iframe loading=\"lazy\"\n\t\t\t\t\tsrc=\"https:\/\/maps.google.com\/maps?q=Vietnam%20%C3%84nderungsschneiderei%2C%20Karl-Marx-stra%C3%9Fe%20231%2C%2012055%20Berlin&#038;t=m&#038;z=15&#038;output=embed&#038;iwloc=near\"\n\t\t\t\t\ttitle=\"Vietnam \u00c4nderungsschneiderei, Karl-Marx-stra\u00dfe 231, 12055 Berlin\"\n\t\t\t\t\taria-label=\"Vietnam \u00c4nderungsschneiderei, Karl-Marx-stra\u00dfe 231, 12055 Berlin\"\n\t\t\t><\/iframe>\n\t\t<\/div>\n\t\t\t\t<\/div>\n\t\t\t\t<\/div>\n\t\t\t\t<div class=\"elementor-element elementor-element-d0aebf1 elementor-align-center elementor-widget elementor-widget-button\" data-id=\"d0aebf1\" data-element_type=\"widget\" data-widget_type=\"button.default\">\n\t\t\t\t<div class=\"elementor-widget-container\">\n\t\t\t\t\t<div class=\"elementor-button-wrapper\">\n\t\t\t<a href=\"tel:+491742115747\" class=\"elementor-button-link elementor-button elementor-size-sm elementor-animation-pulse\" role=\"button\">\n\t\t\t\t\t\t<span class=\"elementor-button-content-wrapper\">\n\t\t\t\t\t\t\t<span class=\"elementor-button-icon elementor-align-icon-left\">\n\t\t\t\t<i aria-hidden=\"true\" class=\"fas fa-phone\"><\/i>\t\t\t<\/span>\n\t\t\t\t\t\t<span class=\"elementor-button-text\">Call<\/span>\n\t\t<\/span>\n\t\t\t\t\t<\/a>\n\t\t<\/div>\n\t\t\t\t<\/div>\n\t\t\t\t<\/div>\n\t\t\t\t<div class=\"elementor-element elementor-element-deac506 elementor-widget elementor-widget-text-editor\" data-id=\"deac506\" data-element_type=\"widget\" data-widget_type=\"text-editor.default\">\n\t\t\t\t<div class=\"elementor-widget-container\">\n\t\t\t\t\t\t\t\t<div class=\"elementor-text-editor elementor-clearfix\">\n\t\t\t\t<p><strong>Kontakt<\/strong>:<\/p><p><strong>Berlin<\/strong><\/p><p>Vietnam \u00c4nderungsschneiderei<\/p><p>Karl-Marx-Stra\u00dfe 231, 12055 Berlin<\/p><p>Tel: <strong>03062961269<\/strong><\/p><div class=\"TzHB6b cLjAic\" data-hveid=\"CDwQAA\" data-ved=\"2ahUKEwiVsa7rsrH1AhWsRvEDHURMDZ8Qy9oBKAB6BAg8EAA\"><div><div class=\"sATSHe\"><div><div class=\"LuVEUc XleQBd B03h3d P6OZi V14nKc UnhVI i8qq8b ptcLIOszQJu__wholepage-card wp-ms\" data-hveid=\"CDgQAA\"><div class=\"UDZeY OTFaAf\"><div class=\"wDYxhc NFQFxe\" lang=\"de-DE\" data-attrid=\"kc:\/local:posts_carousel_zero_state\" data-md=\"230\"><div data-ved=\"2ahUKEwiVsa7rsrH1AhWsRvEDHURMDZ8QjMUBegQILBAA\" data-hveid=\"CCwQAA\"><div data-ved=\"2ahUKEwiVsa7rsrH1AhWsRvEDHURMDZ8QjMUBegQILBAA\" data-show-nmx-chips=\"false\" data-show-zero-state=\"true\" data-is-unverified-merchant=\"false\"><div data-is-desktop=\"true\"><div class=\"En4Mbb hBhafb\"><div class=\"x4azo\"><div class=\"TCLFN zVPJte\" role=\"heading\" aria-level=\"3\">\u00a0<\/div><\/div><\/div><\/div><\/div><\/div><\/div><\/div><\/div><\/div><\/div><\/div><\/div><p><strong>Brandenburg<\/strong><\/p><p>H&amp;C Shop<\/p><p>S\u00fcd Passage in Brandenburgerstra\u00dfe 17, 03238 Finsterwalde<\/p><p>\u00a0<\/p>\t\t\t\t\t<\/div>\n\t\t\t\t\t\t<\/div>\n\t\t\t\t<\/div>\n\t\t\t\t<div class=\"elementor-element elementor-element-bb65b4e elementor-widget elementor-widget-google_maps\" data-id=\"bb65b4e\" data-element_type=\"widget\" data-widget_type=\"google_maps.default\">\n\t\t\t\t<div class=\"elementor-widget-container\">\n\t\t\t\t\t<div class=\"elementor-custom-embed\">\n\t\t\t<iframe loading=\"lazy\"\n\t\t\t\t\tsrc=\"https:\/\/maps.google.com\/maps?q=Brandenburgerstra%C3%9Fe%2017%2C%20finsterwalde&#038;t=m&#038;z=17&#038;output=embed&#038;iwloc=near\"\n\t\t\t\t\ttitle=\"Brandenburgerstra\u00dfe 17, finsterwalde\"\n\t\t\t\t\taria-label=\"Brandenburgerstra\u00dfe 17, finsterwalde\"\n\t\t\t><\/iframe>\n\t\t<\/div>\n\t\t\t\t<\/div>\n\t\t\t\t<\/div>\n\t\t\t\t<div class=\"elementor-element elementor-element-08e1a4a elementor-align-center elementor-widget elementor-widget-button\" data-id=\"08e1a4a\" data-element_type=\"widget\" data-widget_type=\"button.default\">\n\t\t\t\t<div class=\"elementor-widget-container\">\n\t\t\t\t\t<div class=\"elementor-button-wrapper\">\n\t\t\t<a href=\"tel:+491742115747\" class=\"elementor-button-link elementor-button elementor-size-sm elementor-animation-pulse\" role=\"button\">\n\t\t\t\t\t\t<span class=\"elementor-button-content-wrapper\">\n\t\t\t\t\t\t\t<span class=\"elementor-button-icon elementor-align-icon-left\">\n\t\t\t\t<i aria-hidden=\"true\" class=\"fas fa-phone\"><\/i>\t\t\t<\/span>\n\t\t\t\t\t\t<span class=\"elementor-button-text\">Call<\/span>\n\t\t<\/span>\n\t\t\t\t\t<\/a>\n\t\t<\/div>\n\t\t\t\t<\/div>\n\t\t\t\t<\/div>\n\t\t\t\t\t\t<\/div>\n\t\t\t\t\t<\/div>\n\t\t<\/div>\n\t\t\t\t\t\t\t\t<\/div>\n\t\t\t\t\t<\/div>\n\t\t<\/section>\n\t\t\t\t\t\t<\/div>\n\t\t\t\t\t<\/div>\n\t\t<\/div>\n\t\t\t\t<div class=\"elementor-column elementor-col-50 elementor-top-column elementor-element elementor-element-2a9450cc\" data-id=\"2a9450cc\" data-element_type=\"column\">\n\t\t\t<div class=\"elementor-column-wrap elementor-element-populated\">\n\t\t\t\t\t\t\t<div class=\"elementor-widget-wrap\">\n\t\t\t\t\t\t<div class=\"elementor-element elementor-element-ee3fb0a elementor-invisible elementor-widget elementor-widget-image\" data-id=\"ee3fb0a\" data-element_type=\"widget\" data-settings=\"{&quot;_animation&quot;:&quot;fadeIn&quot;,&quot;_animation_delay&quot;:350}\" data-widget_type=\"image.default\">\n\t\t\t\t<div class=\"elementor-widget-container\">\n\t\t\t\t\t\t\t\t<div class=\"elementor-image\">\n\t\t\t\t\t\t\t\t\t\t\t\t<img width=\"1944\" height=\"1296\" src=\"https:\/\/xn--vietnam-nderungsschneiderei-ikc.de\/wp-content\/uploads\/2020\/10\/A\u0308nderung-2.jpg\" class=\"attachment-full size-full wp-image-27\" alt=\"\" loading=\"lazy\" srcset=\"https:\/\/xn--vietnam-nderungsschneiderei-ikc.de\/wp-content\/uploads\/2020\/10\/A\u0308nderung-2.jpg 1944w, https:\/\/xn--vietnam-nderungsschneiderei-ikc.de\/wp-content\/uploads\/2020\/10\/A\u0308nderung-2-300x200.jpg 300w, https:\/\/xn--vietnam-nderungsschneiderei-ikc.de\/wp-content\/uploads\/2020\/10\/A\u0308nderung-2-1024x683.jpg 1024w, https:\/\/xn--vietnam-nderungsschneiderei-ikc.de\/wp-content\/uploads\/2020\/10\/A\u0308nderung-2-768x512.jpg 768w, https:\/\/xn--vietnam-nderungsschneiderei-ikc.de\/wp-content\/uploads\/2020\/10\/A\u0308nderung-2-1536x1024.jpg 1536w\" sizes=\"(max-width: 1944px) 100vw, 1944px\" \/>\t\t\t\t\t\t\t\t\t\t\t\t\t\t<\/div>\n\t\t\t\t\t\t<\/div>\n\t\t\t\t<\/div>\n\t\t\t\t<div class=\"elementor-element elementor-element-157a65fe elementor-shape-square elementor-grid-0 e-grid-align-center elementor-widget elementor-widget-social-icons\" data-id=\"157a65fe\" data-element_type=\"widget\" data-widget_type=\"social-icons.default\">\n\t\t\t\t<div class=\"elementor-widget-container\">\n\t\t\t\t\t<div class=\"elementor-social-icons-wrapper elementor-grid\">\n\t\t\t\t\t\t\t<span class=\"elementor-grid-item\">\n\t\t\t\t\t<a class=\"elementor-icon elementor-social-icon elementor-social-icon-facebook-f elementor-repeater-item-5bed563\" href=\"https:\/\/www.facebook.com\/Vietnam-\u00c4nderungsschneiderei-im-Neuk\u00f6llner-Tor-446573015750526\/\" target=\"_blank\">\n\t\t\t\t\t\t<span class=\"elementor-screen-only\">Facebook-f<\/span>\n\t\t\t\t\t\t<i class=\"fab fa-facebook-f\"><\/i>\t\t\t\t\t<\/a>\n\t\t\t\t<\/span>\n\t\t\t\t\t<\/div>\n\t\t\t\t<\/div>\n\t\t\t\t<\/div>\n\t\t\t\t\t\t<\/div>\n\t\t\t\t\t<\/div>\n\t\t<\/div>\n\t\t\t\t\t\t\t\t<\/div>\n\t\t\t\t\t<\/div>\n\t\t<\/section>\n\t\t\t\t<section class=\"elementor-section elementor-top-section elementor-element elementor-element-c4be7ac elementor-section-boxed elementor-section-height-default elementor-section-height-default\" data-id=\"c4be7ac\" data-element_type=\"section\">\n\t\t\t\t\t\t<div class=\"elementor-container elementor-column-gap-default\">\n\t\t\t\t\t\t\t<div class=\"elementor-row\">\n\t\t\t\t\t<div class=\"elementor-column elementor-col-100 elementor-top-column elementor-element elementor-element-1389306\" data-id=\"1389306\" data-element_type=\"column\">\n\t\t\t<div class=\"elementor-column-wrap\">\n\t\t\t\t\t\t\t<div class=\"elementor-widget-wrap\">\n\t\t\t\t\t\t\t\t<\/div>\n\t\t\t\t\t<\/div>\n\t\t<\/div>\n\t\t\t\t\t\t\t\t<\/div>\n\t\t\t\t\t<\/div>\n\t\t<\/section>\n\t\t\t\t<section class=\"elementor-section elementor-top-section elementor-element elementor-element-0ea9510 elementor-section-boxed elementor-section-height-default elementor-section-height-default\" data-id=\"0ea9510\" data-element_type=\"section\">\n\t\t\t\t\t\t<div class=\"elementor-container elementor-column-gap-default\">\n\t\t\t\t\t\t\t<div class=\"elementor-row\">\n\t\t\t\t\t<div class=\"elementor-column elementor-col-50 elementor-top-column elementor-element elementor-element-c210eb8\" data-id=\"c210eb8\" data-element_type=\"column\">\n\t\t\t<div class=\"elementor-column-wrap elementor-element-populated\">\n\t\t\t\t\t\t\t<div class=\"elementor-widget-wrap\">\n\t\t\t\t\t\t<div class=\"elementor-element elementor-element-b5853b4 elementor-widget elementor-widget-text-editor\" data-id=\"b5853b4\" data-element_type=\"widget\" data-widget_type=\"text-editor.default\">\n\t\t\t\t<div class=\"elementor-widget-container\">\n\t\t\t\t\t\t\t\t<div class=\"elementor-text-editor elementor-clearfix\">\n\t\t\t\t<p>During the Corona crisis, we equipped several retirement homes in Berlin and Brandenburg with fabric masks.<\/p>\t\t\t\t\t<\/div>\n\t\t\t\t\t\t<\/div>\n\t\t\t\t<\/div>\n\t\t\t\t\t\t<\/div>\n\t\t\t\t\t<\/div>\n\t\t<\/div>\n\t\t\t\t<div class=\"elementor-column elementor-col-50 elementor-top-column elementor-element elementor-element-32c9a29\" data-id=\"32c9a29\" data-element_type=\"column\">\n\t\t\t<div class=\"elementor-column-wrap elementor-element-populated\">\n\t\t\t\t\t\t\t<div class=\"elementor-widget-wrap\">\n\t\t\t\t\t\t<div class=\"elementor-element elementor-element-4e7c052 elementor-widget elementor-widget-image\" data-id=\"4e7c052\" data-element_type=\"widget\" data-widget_type=\"image.default\">\n\t\t\t\t<div class=\"elementor-widget-container\">\n\t\t\t\t\t\t\t\t<div class=\"elementor-image\">\n\t\t\t\t\t\t\t\t\t\t\t\t<img width=\"994\" height=\"1020\" src=\"https:\/\/xn--vietnam-nderungsschneiderei-ikc.de\/wp-content\/uploads\/2020\/10\/Bildschirmfoto-2020-10-15-um-15.07.01.png\" class=\"attachment-large size-large wp-image-173\" alt=\"\" loading=\"lazy\" srcset=\"https:\/\/xn--vietnam-nderungsschneiderei-ikc.de\/wp-content\/uploads\/2020\/10\/Bildschirmfoto-2020-10-15-um-15.07.01.png 994w, https:\/\/xn--vietnam-nderungsschneiderei-ikc.de\/wp-content\/uploads\/2020\/10\/Bildschirmfoto-2020-10-15-um-15.07.01-292x300.png 292w, https:\/\/xn--vietnam-nderungsschneiderei-ikc.de\/wp-content\/uploads\/2020\/10\/Bildschirmfoto-2020-10-15-um-15.07.01-768x788.png 768w\" sizes=\"(max-width: 994px) 100vw, 994px\" \/>\t\t\t\t\t\t\t\t\t\t\t\t\t\t<\/div>\n\t\t\t\t\t\t<\/div>\n\t\t\t\t<\/div>\n\t\t\t\t\t\t<\/div>\n\t\t\t\t\t<\/div>\n\t\t<\/div>\n\t\t\t\t\t\t\t\t<\/div>\n\t\t\t\t\t<\/div>\n\t\t<\/section>\n\t\t\t\t<section class=\"elementor-section elementor-top-section elementor-element elementor-element-c128e7d elementor-section-boxed elementor-section-height-default elementor-section-height-default\" data-id=\"c128e7d\" data-element_type=\"section\">\n\t\t\t\t\t\t<div class=\"elementor-container elementor-column-gap-default\">\n\t\t\t\t\t\t\t<div class=\"elementor-row\">\n\t\t\t\t\t<div class=\"elementor-column elementor-col-100 elementor-top-column elementor-element elementor-element-979a0f4\" data-id=\"979a0f4\" data-element_type=\"column\">\n\t\t\t<div class=\"elementor-column-wrap elementor-element-populated\">\n\t\t\t\t\t\t\t<div class=\"elementor-widget-wrap\">\n\t\t\t\t\t\t<div class=\"elementor-element elementor-element-1781471 elementor-widget elementor-widget-text-editor\" data-id=\"1781471\" data-element_type=\"widget\" data-widget_type=\"text-editor.default\">\n\t\t\t\t<div class=\"elementor-widget-container\">\n\t\t\t\t\t\t\t\t<div class=\"elementor-text-editor elementor-clearfix\">\n\t\t\t\t<p>Alteration tailoring, Berlin Neuk\u00f6lln alteration tailoring, textile repair, cleaning Neuk\u00f6lln, custom tailoring Berlin Neuk\u00f6lln, pants repair, dress customization, zipper change, tailoring Berlin Neuk\u00f6lln.<\/p>\t\t\t\t\t<\/div>\n\t\t\t\t\t\t<\/div>\n\t\t\t\t<\/div>\n\t\t\t\t\t\t<\/div>\n\t\t\t\t\t<\/div>\n\t\t<\/div>\n\t\t\t\t\t\t\t\t<\/div>\n\t\t\t\t\t<\/div>\n\t\t<\/section>\n\t\t\t\t\t\t\t\t\t<\/div>\n\t\t\t<\/div>\n\t\t\t\t\t<\/div>","protected":false},"excerpt":{"rendered":"<p>Vietnamesisches Handwerk Wir sind ein Familienbetrieb und haben insgesamt \u00fcber 50 Jahre Erfahrung in der Textilbearbeitung. Unsere Kunden sollen bei uns gut aufgehoben sein und das beste Service f\u00fcr den besten Preis erhalten. Der Kunde und wir tragen einen kleinen Teil dazu bei, unsere Umwelt bzw. Ressourcen zu schonen. Anrufen Kontakt: Berlin Vietnam \u00c4nderungsschneiderei Karl-Marx-Stra\u00dfe [&hellip;]<\/p>","protected":false},"author":1,"featured_media":0,"parent":0,"menu_order":0,"comment_status":"closed","ping_status":"closed","template":"","meta":[],"_links":{"self":[{"href":"https:\/\/xn--vietnam-nderungsschneiderei-ikc.de\/en\/wp-json\/wp\/v2\/pages\/97"}],"collection":[{"href":"https:\/\/xn--vietnam-nderungsschneiderei-ikc.de\/en\/wp-json\/wp\/v2\/pages"}],"about":[{"href":"https:\/\/xn--vietnam-nderungsschneiderei-ikc.de\/en\/wp-json\/wp\/v2\/types\/page"}],"author":[{"embeddable":true,"href":"https:\/\/xn--vietnam-nderungsschneiderei-ikc.de\/en\/wp-json\/wp\/v2\/users\/1"}],"replies":[{"embeddable":true,"href":"https:\/\/xn--vietnam-nderungsschneiderei-ikc.de\/en\/wp-json\/wp\/v2\/comments?post=97"}],"version-history":[{"count":41,"href":"https:\/\/xn--vietnam-nderungsschneiderei-ikc.de\/en\/wp-json\/wp\/v2\/pages\/97\/revisions"}],"predecessor-version":[{"id":410,"href":"https:\/\/xn--vietnam-nderungsschneiderei-ikc.de\/en\/wp-json\/wp\/v2\/pages\/97\/revisions\/410"}],"wp:attachment":[{"href":"https:\/\/xn--vietnam-nderungsschneiderei-ikc.de\/en\/wp-json\/wp\/v2\/media?parent=97"}],"curies":[{"name":"wp","href":"https:\/\/api.w.org\/{rel}","templated":true}]}}